{"id":71,"date":"2022-07-06T11:13:34","date_gmt":"2022-07-06T11:13:34","guid":{"rendered":"http:\/\/attorly-demo.pbminfotech.com\/demo2\/?page_id=40582"},"modified":"2023-03-17T15:30:32","modified_gmt":"2023-03-17T15:30:32","slug":"rreth-nesh","status":"publish","type":"page","link":"https:\/\/bozolaw.al\/en\/rreth-nesh\/","title":{"rendered":"About Us"},"content":{"rendered":"<div data-elementor-type=\"wp-page\" data-elementor-id=\"71\" class=\"elementor elementor-71\">\n\t\t\t\t\t\t\t\t\t<section class=\"elementor-section elementor-top-section elementor-element elementor-element-45404f6 pbmit-bg-color-yes pbmit-elementor-bg-color-white pbmit-col-stretched-none pbmit-cursor-color-blackish-color pbmit-bg-color-over-image elementor-section-boxed elementor-section-height-default elementor-section-height-default\" data-id=\"45404f6\" data-element_type=\"section\">\n\t\t\t\t\t\t<div class=\"elementor-container elementor-column-gap-no\">\n\t\t\t\t\t<div class=\"elementor-column elementor-col-50 elementor-top-column elementor-element elementor-element-7cb7137 pbmit-bg-color-over-image\" data-id=\"7cb7137\" data-element_type=\"column\">\n\t\t\t<div class=\"elementor-widget-wrap elementor-element-populated\">\n\t\t\t\t\t\t\t\t<div class=\"elementor-element elementor-element-58b0aac pbmit-heading-style-1 pbmit-align-left elementor-widget elementor-widget-pbmit_heading\" data-id=\"58b0aac\" data-element_type=\"widget\" data-widget_type=\"pbmit_heading.default\">\n\t\t\t\t<div class=\"elementor-widget-container\">\n\t\t\t\t<div class=\"pbmit-heading-subheading left  animation-style2\"><h2 class=\"pbmit-element-title\">\r\n\t\t\t\r\n\t\t\t\tWe solve complex issues\r\n\t\t\t\r\n\t\t\t<\/h2>\r\n\t\t<div class=\"pbmit-heading-desc\">Bozo &amp; Associates is a law firm where you can find partners with a long experience in legal matters to find the required solution.<\/div><\/div>\t\t<\/div>\n\t\t\t\t<\/div>\n\t\t\t\t<div class=\"elementor-element elementor-element-c50a37c pbmit-btn-color-secondary pbmit-btn-hover-color-white pbmit-btn-style-text pbmit-btn-shape-outline elementor-widget elementor-widget-button\" data-id=\"c50a37c\" data-element_type=\"widget\" data-widget_type=\"button.default\">\n\t\t\t\t<div class=\"elementor-widget-container\">\n\t\t\t\t\t<div class=\"elementor-button-wrapper\">\n\t\t\t<a href=\"https:\/\/bozolaw.al\/sherbimet\/\" target=\"_blank\" class=\"elementor-button-link elementor-button elementor-size-sm\" role=\"button\">\n\t\t\t\t\t\t<span class=\"elementor-button-content-wrapper\">\n\t\t\t\t\t\t<span class=\"elementor-button-text\">See Services <\/span>\n\t\t<\/span>\n\t\t\t\t\t<\/a>\n\t\t<\/div>\n\t\t\t\t<\/div>\n\t\t\t\t<\/div>\n\t\t\t\t\t<\/div>\n\t\t<\/div>\n\t\t\t\t<div class=\"elementor-column elementor-col-50 elementor-top-column elementor-element elementor-element-ad67186 pbmit-bg-color-over-image\" data-id=\"ad67186\" data-element_type=\"column\">\n\t\t\t<div class=\"elementor-widget-wrap elementor-element-populated\">\n\t\t\t\t\t\t\t\t<section class=\"elementor-section elementor-inner-section elementor-element elementor-element-0ed2c0c pbmit-col-stretched-none pbmit-cursor-color-blackish-color pbmit-bg-color-over-image elementor-section-boxed elementor-section-height-default elementor-section-height-default\" data-id=\"0ed2c0c\" data-element_type=\"section\">\n\t\t\t\t\t\t<div class=\"elementor-container elementor-column-gap-no\">\n\t\t\t\t\t<div class=\"elementor-column elementor-col-50 elementor-inner-column elementor-element elementor-element-dc3a9cf pbmit-bg-color-over-image\" data-id=\"dc3a9cf\" data-element_type=\"column\">\n\t\t\t<div class=\"elementor-widget-wrap elementor-element-populated\">\n\t\t\t\t\t\t\t\t<div class=\"elementor-element elementor-element-f7c3f44 elementor-widget elementor-widget-pbmit_icon_heading\" data-id=\"f7c3f44\" data-element_type=\"widget\" data-widget_type=\"pbmit_icon_heading.default\">\n\t\t\t\t<div class=\"elementor-widget-container\">\n\t\t\t<div class=\"pbmit-ihbox pbmit-ihbox-style-1\"><div class=\"pbmit-ihbox-icon\"><div class=\"pbmit-ihbox-icon-wrapper pbmit-ihbox-icon-type-image\"><img decoding=\"async\" src=\"http:\/\/attorly-demo.pbminfotech.com\/attorly-datasite-1\/wp-content\/uploads\/sites\/7\/2022\/11\/court-1.png\" alt=\"Koncesionet dhe Prokurimet Publike\" \/><\/div><\/div><div class=\"pbmit-ihbox-contents\">\r\n\t\t\t<h2 class=\"pbmit-element-title\">\r\n\t\t\t\t\t\r\n\t\t\t\t\t\tConcessions &amp; Public Procurements\r\n\t\t\t\t\t\r\n\t\t\t\t\t<\/h2>\r\n\t\t\t\t\t<div class=\"pbmit-heading-desc\">Public contracts have the particular interest of business operators. However, it should be noted that commercial relations with public entities differ significantly from those of private companies due to their unique procedures and critical role for business operators.<\/div>\t<\/div><\/div>\t\t<\/div>\n\t\t\t\t<\/div>\n\t\t\t\t\t<\/div>\n\t\t<\/div>\n\t\t\t\t<div class=\"elementor-column elementor-col-50 elementor-inner-column elementor-element elementor-element-0d660a4 pbmit-bg-color-over-image\" data-id=\"0d660a4\" data-element_type=\"column\">\n\t\t\t<div class=\"elementor-widget-wrap elementor-element-populated\">\n\t\t\t\t\t\t\t\t<div class=\"elementor-element elementor-element-2a2be1a elementor-widget elementor-widget-pbmit_icon_heading\" data-id=\"2a2be1a\" data-element_type=\"widget\" data-widget_type=\"pbmit_icon_heading.default\">\n\t\t\t\t<div class=\"elementor-widget-container\">\n\t\t\t<div class=\"pbmit-ihbox pbmit-ihbox-style-1\"><div class=\"pbmit-ihbox-icon\"><div class=\"pbmit-ihbox-icon-wrapper pbmit-ihbox-icon-type-image\"><img decoding=\"async\" src=\"http:\/\/attorly-demo.pbminfotech.com\/attorly-datasite-1\/wp-content\/uploads\/sites\/7\/2022\/11\/law-1-1.png\" alt=\"E Drejta e Familjes\" \/><\/div><\/div><div class=\"pbmit-ihbox-contents\">\r\n\t\t\t<h2 class=\"pbmit-element-title\">\r\n\t\t\t\t\t\r\n\t\t\t\t\t\tFamily Law\r\n\t\t\t\t\t\r\n\t\t\t\t\t<\/h2>\r\n\t\t\t\t\t<div class=\"pbmit-heading-desc\">Various issues, such as marriage, divorce, adoption of children, etc., regulate family relations. Even in this delicate field, the experts of BOZO &amp; Associates help in various processes to guarantee results based on justice.<\/div>\t<\/div><\/div>\t\t<\/div>\n\t\t\t\t<\/div>\n\t\t\t\t\t<\/div>\n\t\t<\/div>\n\t\t\t\t\t\t\t<\/div>\n\t\t<\/section>\n\t\t\t\t<section class=\"elementor-section elementor-inner-section elementor-element elementor-element-f08241a pbmit-col-stretched-none pbmit-cursor-color-blackish-color pbmit-bg-color-over-image elementor-section-boxed elementor-section-height-default elementor-section-height-default\" data-id=\"f08241a\" data-element_type=\"section\">\n\t\t\t\t\t\t<div class=\"elementor-container elementor-column-gap-no\">\n\t\t\t\t\t<div class=\"elementor-column elementor-col-50 elementor-inner-column elementor-element elementor-element-37d347d pbmit-bg-color-over-image\" data-id=\"37d347d\" data-element_type=\"column\">\n\t\t\t<div class=\"elementor-widget-wrap elementor-element-populated\">\n\t\t\t\t\t\t\t\t<div class=\"elementor-element elementor-element-fede4a7 elementor-widget elementor-widget-pbmit_icon_heading\" data-id=\"fede4a7\" data-element_type=\"widget\" data-widget_type=\"pbmit_icon_heading.default\">\n\t\t\t\t<div class=\"elementor-widget-container\">\n\t\t\t<div class=\"pbmit-ihbox pbmit-ihbox-style-1\"><div class=\"pbmit-ihbox-icon\"><div class=\"pbmit-ihbox-icon-wrapper pbmit-ihbox-icon-type-image\"><img decoding=\"async\" src=\"http:\/\/attorly-demo.pbminfotech.com\/attorly-datasite-1\/wp-content\/uploads\/sites\/7\/2022\/11\/book-1.png\" alt=\"Pun\u00ebsim dhe Imigracion\" \/><\/div><\/div><div class=\"pbmit-ihbox-contents\">\r\n\t\t\t<h2 class=\"pbmit-element-title\">\r\n\t\t\t\t\t\r\n\t\t\t\t\t\tEmployment &amp; Immigration\r\n\t\t\t\t\t\r\n\t\t\t\t\t<\/h2>\r\n\t\t\t\t\t<div class=\"pbmit-heading-desc\">Laws related to employment are dynamic and undergo changes in a short period of time, based also on new policies undertaken by governments, to have an innovative approach to employment, guaranteeing better and fair working conditions.<\/div>\t<\/div><\/div>\t\t<\/div>\n\t\t\t\t<\/div>\n\t\t\t\t\t<\/div>\n\t\t<\/div>\n\t\t\t\t<div class=\"elementor-column elementor-col-50 elementor-inner-column elementor-element elementor-element-7483c17 pbmit-bg-color-over-image\" data-id=\"7483c17\" data-element_type=\"column\">\n\t\t\t<div class=\"elementor-widget-wrap elementor-element-populated\">\n\t\t\t\t\t\t\t\t<div class=\"elementor-element elementor-element-1cf1bf2 elementor-widget elementor-widget-pbmit_icon_heading\" data-id=\"1cf1bf2\" data-element_type=\"widget\" data-widget_type=\"pbmit_icon_heading.default\">\n\t\t\t\t<div class=\"elementor-widget-container\">\n\t\t\t<div class=\"pbmit-ihbox pbmit-ihbox-style-1\"><div class=\"pbmit-ihbox-icon\"><div class=\"pbmit-ihbox-icon-wrapper pbmit-ihbox-icon-type-image\"><img decoding=\"async\" src=\"http:\/\/attorly-demo.pbminfotech.com\/attorly-datasite-1\/wp-content\/uploads\/sites\/7\/2022\/11\/judge-1.png\" alt=\"Pron\u00ebsia Intelektuale dhe T\u00eb Drejtat E Autorit\" \/><\/div><\/div><div class=\"pbmit-ihbox-contents\">\r\n\t\t\t<h2 class=\"pbmit-element-title\">\r\n\t\t\t\t\t<a href=\"https:\/\/bozolaw.al\/sherbimet\/pronesia-intelektuale-dhe-te-drejtat-e-autorit\/\"><span>\r\n\t\t\t\t\t\tIntellectual Property Rights and Copyright\r\n\t\t\t\t\t<\/span><\/a>\r\n\t\t\t\t\t<\/h2>\r\n\t\t\t\t\t<div class=\"pbmit-heading-desc\">Another service offered by BOZO &amp; Associates is consulting and implementing projects that focus on the use and implementation of intellectual property rights.<\/div>\t<\/div><\/div>\t\t<\/div>\n\t\t\t\t<\/div>\n\t\t\t\t\t<\/div>\n\t\t<\/div>\n\t\t\t\t\t\t\t<\/div>\n\t\t<\/section>\n\t\t\t\t\t<\/div>\n\t\t<\/div>\n\t\t\t\t\t\t\t<\/div>\n\t\t<\/section>\n\t\t\t\t<section class=\"elementor-section elementor-top-section elementor-element elementor-element-08b7733 pbmit-col-stretched-none pbmit-cursor-color-blackish-color pbmit-bg-color-over-image elementor-section-boxed elementor-section-height-default elementor-section-height-default\" data-id=\"08b7733\" data-element_type=\"section\">\n\t\t\t\t\t\t<div class=\"elementor-container elementor-column-gap-default\">\n\t\t\t\t\t<div class=\"elementor-column elementor-col-100 elementor-top-column elementor-element elementor-element-6816707 pbmit-bg-color-over-image\" data-id=\"6816707\" data-element_type=\"column\">\n\t\t\t<div class=\"elementor-widget-wrap elementor-element-populated\">\n\t\t\t\t\t\t\t\t<div class=\"elementor-element elementor-element-69bb328 elementor-widget elementor-widget-text-editor\" data-id=\"69bb328\" data-element_type=\"widget\" data-widget_type=\"text-editor.default\">\n\t\t\t\t<div class=\"elementor-widget-container\">\n\t\t\t<style>\/*! elementor - v3.13.3 - 28-05-2023 *\/\n.elementor-widget-text-editor.elementor-drop-cap-view-stacked .elementor-drop-cap{background-color:#69727d;color:#fff}.elementor-widget-text-editor.elementor-drop-cap-view-framed .elementor-drop-cap{color:#69727d;border:3px solid;background-color:transparent}.elementor-widget-text-editor:not(.elementor-drop-cap-view-default) .elementor-drop-cap{margin-top:8px}.elementor-widget-text-editor:not(.elementor-drop-cap-view-default) .elementor-drop-cap-letter{width:1em;height:1em}.elementor-widget-text-editor .elementor-drop-cap{float:left;text-align:center;line-height:1;font-size:50px}.elementor-widget-text-editor .elementor-drop-cap-letter{display:inline-block}<\/style>\t\t\t\t<p>We offer services to various clients and companies, Albanian or nationwide, which develop their activities in the country and provide special assistance and consulting according to international standards.<\/p><p>BOZO &amp; Associates is entrusted with legal consultancy for clients such as IFC, World Bank, UNDP, EBRD, etc. According to EU guidelines, the legal studio has been selected from various projects, with EU funding, for gap analysis, drafting of analyses, and also legal acts and regulations, so that we can offer the right legal assistance for different organizations.\u00a0<\/p><p>Our goal is to know our customers' interests and objectives, offering effective solutions, with the purpose of meeting and exceeding their expectations.<\/p><p>BOZO &amp; Associates \u00ebsht\u00eb e specializuar p\u00ebr ofrimin e ekspertizave t\u00eb thelluara n\u00eb ndjekjen e investimeve t\u00eb huaja, n\u00eb t\u00eb gjitha proceset dhe nd\u00ebrlikimeve q\u00eb mbart legjislacioni komb\u00ebtar. Gjithashtu, mund\u00ebsojm\u00eb konsulenc\u00eb ligjore, financiare edhe n\u00eb fush\u00ebn e tatimeve mbi procedur\u00ebn e themelimit t\u00eb shoq\u00ebris\u00eb, si dhe kryejm\u00eb procedurat e aplikimit t\u00eb klient\u00ebve, q\u00eb prej fillimit e deri n\u00eb p\u00ebrfundimin e regjistrimit pran\u00eb Qendr\u00ebs s\u00eb Regjistrimit Komb\u00ebtar.<\/p><p>All these are made possible from a professional staff with over 20 years of experience, found through shared values, dedication, and work according to international standards.<\/p>\t\t\t\t\t\t<\/div>\n\t\t\t\t<\/div>\n\t\t\t\t\t<\/div>\n\t\t<\/div>\n\t\t\t\t\t\t\t<\/div>\n\t\t<\/section>\n\t\t\t\t<div class=\"elementor-section elementor-top-section elementor-element elementor-element-546af4b elementor-section-stretched pbmit-col-stretched-right pbmit-right-col-stretched-content-yes pbmit-bg-color-yes pbmit-elementor-bg-color-blackish pbmit-text-color-white pbmit-cursor-color-global-color pbmit-bg-image-over-color elementor-section-boxed elementor-section-height-default elementor-section-height-default\" data-id=\"546af4b\" data-element_type=\"section\" data-settings=\"{&quot;stretch_section&quot;:&quot;section-stretched&quot;}\">\n\t\t\t\t\t\t\t<div class=\"elementor-background-overlay\"><\/div>\n\t\t\t\t\t\t\t<div class=\"elementor-container elementor-column-gap-no\">\n\t\t\t\t\t<div class=\"elementor-column elementor-col-100 elementor-top-column elementor-element elementor-element-0a8e27b pbmit-bg-color-over-image\" data-id=\"0a8e27b\" data-element_type=\"column\">\n\t\t\t<div class=\"elementor-widget-wrap elementor-element-populated\">\n\t\t\t\t\t\t\t\t<div class=\"elementor-element elementor-element-99d7038 pbmit-heading-style-1 pbmit-slider-partial-over pbmit-align-left elementor-widget elementor-widget-pbmit_service_element\" data-id=\"99d7038\" data-element_type=\"widget\" id=\"idrreth\" data-widget_type=\"pbmit_service_element.default\">\n\t\t\t\t<div class=\"elementor-widget-container\">\n\t\t\t\r\n\t\t<div class=\"pbminfotech-element pbminfotech-element-service pbmit-element-service-style-1 pbmit-element-viewtype-carousel pbmit-element-sticky-carousel-false pbminfotech-gap-15px pbmit-infinite-scroll-no pbmit-infinite-scroll-button-no\" data-cpt=\"service\" data-totalpagination=\"3\" data-style=\"1\" data-show=\"6\" data-columns=\"3\" data-loop=\"true\" data-autoplay=\"false\" data-center=\"false\" data-nav=\"false\" data-dots=\"false\" data-reverse=\"false\" data-autoplayspeed=\"1000\" data-margin=\"15px\"><div class=\"pbmit-element-inner\"><div class=\"pbmit-infinite-scroll-data\">{\"cpt\":\"service\",\"style\":\"1\",\"columns\":\"3\",\"show\":\"6\",\"order\":\"DESC\",\"orderby\":\"DESC\"}<\/div> <div class=\"container\"> \r\n\t\t\t\t<div class=\"pbmit-ele-header-area\">\t\t\t\t\t\r\n\t\t\t\t\t\t<div class=\"pbmit-heading-subheading left  animation-style2\"><\/div>\t\t\t\t\t\t\t\t\t<\/div>\t\r\n\t\t\t\r\n\t\t\t\t <\/div> \t\t\t\t\r\n\r\n\t\t\t\t<div class=\"pbmit-element-posts-wrapper swiper-container\"  data-cursor-text= \"Drag\" >\r\n\r\n\t\t\t\t \t<div class=\"swiper-wrapper row multi-columns-row\">\r\n\r\n\t\t\t\t\t\t<article class=\"pbmit-ele pbmit-ele-service pbmit-service-style-1 col-md-4\">\r\n\t<div class=\"pbminfotech-post-item\">\t\r\n\t\t<div class=\"d-flex\">\r\n\t\t\t<div class=\"pbmit-service-image-wrapper\" style=\"background-image:url('https:\/\/bozolaw.al\/wp-content\/uploads\/2023\/01\/Legal-analysis-1.jpg')\">\r\n\t\t\t\t<div class=\"pbmit-featured-img-wrapper\"><div class=\"pbmit-featured-wrapper\"><a href=\"https:\/\/bozolaw.al\/en\/sherbimet\/projekte-dhe-analize-ligjore\/\"><img loading=\"lazy\" decoding=\"async\" width=\"650\" height=\"780\" src=\"https:\/\/bozolaw.al\/wp-content\/uploads\/2023\/01\/Legal-analysis-1-650x780.jpg\" class=\"attachment-pbmit-img-650x780 size-pbmit-img-650x780 wp-post-image\" alt=\"\" \/><\/a><\/div><\/div>\t\t\t<\/div>\r\n\t\t\t<div class=\"pbminfotech-box-content\">\r\n\t\t\t\t<div class=\"pbminfotech-box-number\">01<\/div>\r\n\t\t\t\t<h3 class=\"pbmit-service-title\"><a href=\"https:\/\/bozolaw.al\/en\/sherbimet\/projekte-dhe-analize-ligjore\/\">Legal Analysis and Projects<\/a><\/h3>\r\n\t\t\t\t\t\t\t\t\t<div class=\"pbmit-service-content\"><p>Changes in monetary, fiscal, and environmental policies, economic instability ...<\/p>\n<\/div>\r\n\t\t\t\t\t\t\t\t<div class=\"pbmit-service-icon-wrapper\">\r\n\t\t\t\t\t\t\t\t\t<\/div>\r\n\t\t\t\t<div class=\"pbmit-service-btn\"> \r\n\t\t\t\t\t<a class=\"btn-arrow\" href=\"https:\/\/bozolaw.al\/en\/sherbimet\/projekte-dhe-analize-ligjore\/\"><\/a>\r\n\t\t\t\t<\/div>\r\n\t\t\t<\/div>\t\t\r\n\t\t<\/div>\r\n\t<\/div><\/article><article class=\"pbmit-ele pbmit-ele-service pbmit-service-style-1 col-md-4\">\r\n\t<div class=\"pbminfotech-post-item\">\t\r\n\t\t<div class=\"d-flex\">\r\n\t\t\t<div class=\"pbmit-service-image-wrapper\" style=\"background-image:url('https:\/\/bozolaw.al\/wp-content\/uploads\/2023\/01\/Debt-1.jpg')\">\r\n\t\t\t\t<div class=\"pbmit-featured-img-wrapper\"><div class=\"pbmit-featured-wrapper\"><a href=\"https:\/\/bozolaw.al\/en\/sherbimet\/mbledhje-borxhi\/\"><img loading=\"lazy\" decoding=\"async\" width=\"650\" height=\"780\" src=\"https:\/\/bozolaw.al\/wp-content\/uploads\/2023\/01\/Debt-1-650x780.jpg\" class=\"attachment-pbmit-img-650x780 size-pbmit-img-650x780 wp-post-image\" alt=\"\" \/><\/a><\/div><\/div>\t\t\t<\/div>\r\n\t\t\t<div class=\"pbminfotech-box-content\">\r\n\t\t\t\t<div class=\"pbminfotech-box-number\">02<\/div>\r\n\t\t\t\t<h3 class=\"pbmit-service-title\"><a href=\"https:\/\/bozolaw.al\/en\/sherbimet\/mbledhje-borxhi\/\">Debt Collection<\/a><\/h3>\r\n\t\t\t\t\t\t\t\t\t<div class=\"pbmit-service-content\"><p>Thanks to our cooperation with international partners, we enable the coverage of the full ... <\/p>\n<\/div>\r\n\t\t\t\t\t\t\t\t<div class=\"pbmit-service-icon-wrapper\">\r\n\t\t\t\t\t\t\t\t\t<\/div>\r\n\t\t\t\t<div class=\"pbmit-service-btn\"> \r\n\t\t\t\t\t<a class=\"btn-arrow\" href=\"https:\/\/bozolaw.al\/en\/sherbimet\/mbledhje-borxhi\/\"><\/a>\r\n\t\t\t\t<\/div>\r\n\t\t\t<\/div>\t\t\r\n\t\t<\/div>\r\n\t<\/div><\/article><article class=\"pbmit-ele pbmit-ele-service pbmit-service-style-1 col-md-4\">\r\n\t<div class=\"pbminfotech-post-item\">\t\r\n\t\t<div class=\"d-flex\">\r\n\t\t\t<div class=\"pbmit-service-image-wrapper\" style=\"background-image:url('https:\/\/bozolaw.al\/wp-content\/uploads\/2023\/01\/Maritim-1.jpg')\">\r\n\t\t\t\t<div class=\"pbmit-featured-img-wrapper\"><div class=\"pbmit-featured-wrapper\"><a href=\"https:\/\/bozolaw.al\/en\/sherbimet\/e-drejta-detare\/\"><img loading=\"lazy\" decoding=\"async\" width=\"650\" height=\"780\" src=\"https:\/\/bozolaw.al\/wp-content\/uploads\/2023\/01\/Maritim-1-650x780.jpg\" class=\"attachment-pbmit-img-650x780 size-pbmit-img-650x780 wp-post-image\" alt=\"\" \/><\/a><\/div><\/div>\t\t\t<\/div>\r\n\t\t\t<div class=\"pbminfotech-box-content\">\r\n\t\t\t\t<div class=\"pbminfotech-box-number\">03<\/div>\r\n\t\t\t\t<h3 class=\"pbmit-service-title\"><a href=\"https:\/\/bozolaw.al\/en\/sherbimet\/e-drejta-detare\/\">Maritime Law<\/a><\/h3>\r\n\t\t\t\t\t\t\t\t\t<div class=\"pbmit-service-content\"><p>The marine industry is closely related to the global economy, and the events of recent years ...<\/p>\n<\/div>\r\n\t\t\t\t\t\t\t\t<div class=\"pbmit-service-icon-wrapper\">\r\n\t\t\t\t\t\t\t\t\t<\/div>\r\n\t\t\t\t<div class=\"pbmit-service-btn\"> \r\n\t\t\t\t\t<a class=\"btn-arrow\" href=\"https:\/\/bozolaw.al\/en\/sherbimet\/e-drejta-detare\/\"><\/a>\r\n\t\t\t\t<\/div>\r\n\t\t\t<\/div>\t\t\r\n\t\t<\/div>\r\n\t<\/div><\/article><article class=\"pbmit-ele pbmit-ele-service pbmit-service-style-1 col-md-4\">\r\n\t<div class=\"pbminfotech-post-item\">\t\r\n\t\t<div class=\"d-flex\">\r\n\t\t\t<div class=\"pbmit-service-image-wrapper\" style=\"background-image:url('https:\/\/bozolaw.al\/wp-content\/uploads\/2023\/01\/legal-1.jpg')\">\r\n\t\t\t\t<div class=\"pbmit-featured-img-wrapper\"><div class=\"pbmit-featured-wrapper\"><a href=\"https:\/\/bozolaw.al\/en\/sherbimet\/zgjidhja-e-mosmarreveshjeve\/\"><img loading=\"lazy\" decoding=\"async\" width=\"650\" height=\"780\" src=\"https:\/\/bozolaw.al\/wp-content\/uploads\/2023\/01\/legal-1-650x780.jpg\" class=\"attachment-pbmit-img-650x780 size-pbmit-img-650x780 wp-post-image\" alt=\"\" \/><\/a><\/div><\/div>\t\t\t<\/div>\r\n\t\t\t<div class=\"pbminfotech-box-content\">\r\n\t\t\t\t<div class=\"pbminfotech-box-number\">04<\/div>\r\n\t\t\t\t<h3 class=\"pbmit-service-title\"><a href=\"https:\/\/bozolaw.al\/en\/sherbimet\/zgjidhja-e-mosmarreveshjeve\/\">Conflict Resolution<\/a><\/h3>\r\n\t\t\t\t\t\t\t\t\t<div class=\"pbmit-service-content\"><p>Our professionals and partners are specialized in managing litigation ...<\/p>\n<\/div>\r\n\t\t\t\t\t\t\t\t<div class=\"pbmit-service-icon-wrapper\">\r\n\t\t\t\t\t\t\t\t\t<\/div>\r\n\t\t\t\t<div class=\"pbmit-service-btn\"> \r\n\t\t\t\t\t<a class=\"btn-arrow\" href=\"https:\/\/bozolaw.al\/en\/sherbimet\/zgjidhja-e-mosmarreveshjeve\/\"><\/a>\r\n\t\t\t\t<\/div>\r\n\t\t\t<\/div>\t\t\r\n\t\t<\/div>\r\n\t<\/div><\/article><article class=\"pbmit-ele pbmit-ele-service pbmit-service-style-1 col-md-4\">\r\n\t<div class=\"pbminfotech-post-item\">\t\r\n\t\t<div class=\"d-flex\">\r\n\t\t\t<div class=\"pbmit-service-image-wrapper\" style=\"background-image:url('https:\/\/bozolaw.al\/wp-content\/uploads\/2023\/01\/tax-fiscal-1.jpg')\">\r\n\t\t\t\t<div class=\"pbmit-featured-img-wrapper\"><div class=\"pbmit-featured-wrapper\"><a href=\"https:\/\/bozolaw.al\/en\/sherbimet\/regjime-tatimore-dhe-impakti-fiskal\/\"><img loading=\"lazy\" decoding=\"async\" width=\"650\" height=\"780\" src=\"https:\/\/bozolaw.al\/wp-content\/uploads\/2023\/01\/tax-fiscal-1-650x780.jpg\" class=\"attachment-pbmit-img-650x780 size-pbmit-img-650x780 wp-post-image\" alt=\"\" \/><\/a><\/div><\/div>\t\t\t<\/div>\r\n\t\t\t<div class=\"pbminfotech-box-content\">\r\n\t\t\t\t<div class=\"pbminfotech-box-number\">05<\/div>\r\n\t\t\t\t<h3 class=\"pbmit-service-title\"><a href=\"https:\/\/bozolaw.al\/en\/sherbimet\/regjime-tatimore-dhe-impakti-fiskal\/\">Tax Regimes and Fiscal Impacts<\/a><\/h3>\r\n\t\t\t\t\t\t\t\t\t<div class=\"pbmit-service-content\"><p>Tax regimes change depending on the economic environment, becoming ...<\/p>\n<\/div>\r\n\t\t\t\t\t\t\t\t<div class=\"pbmit-service-icon-wrapper\">\r\n\t\t\t\t\t\t\t\t\t<\/div>\r\n\t\t\t\t<div class=\"pbmit-service-btn\"> \r\n\t\t\t\t\t<a class=\"btn-arrow\" href=\"https:\/\/bozolaw.al\/en\/sherbimet\/regjime-tatimore-dhe-impakti-fiskal\/\"><\/a>\r\n\t\t\t\t<\/div>\r\n\t\t\t<\/div>\t\t\r\n\t\t<\/div>\r\n\t<\/div><\/article><article class=\"pbmit-ele pbmit-ele-service pbmit-service-style-1 col-md-4\">\r\n\t<div class=\"pbminfotech-post-item\">\t\r\n\t\t<div class=\"d-flex\">\r\n\t\t\t<div class=\"pbmit-service-image-wrapper\" style=\"background-image:url('https:\/\/bozolaw.al\/wp-content\/uploads\/2023\/01\/property-1.jpg')\">\r\n\t\t\t\t<div class=\"pbmit-featured-img-wrapper\"><div class=\"pbmit-featured-wrapper\"><a href=\"https:\/\/bozolaw.al\/en\/sherbimet\/pasurite-e-paluajtshme\/\"><img loading=\"lazy\" decoding=\"async\" width=\"650\" height=\"780\" src=\"https:\/\/bozolaw.al\/wp-content\/uploads\/2023\/01\/property-1-650x780.jpg\" class=\"attachment-pbmit-img-650x780 size-pbmit-img-650x780 wp-post-image\" alt=\"\" \/><\/a><\/div><\/div>\t\t\t<\/div>\r\n\t\t\t<div class=\"pbminfotech-box-content\">\r\n\t\t\t\t<div class=\"pbminfotech-box-number\">06<\/div>\r\n\t\t\t\t<h3 class=\"pbmit-service-title\"><a href=\"https:\/\/bozolaw.al\/en\/sherbimet\/pasurite-e-paluajtshme\/\">Real Estate<\/a><\/h3>\r\n\t\t\t\t\t\t\t\t\t<div class=\"pbmit-service-content\"><p>The real estate market is becoming increasingly sophisticated...<\/p>\n<\/div>\r\n\t\t\t\t\t\t\t\t<div class=\"pbmit-service-icon-wrapper\">\r\n\t\t\t\t\t\t\t\t\t<\/div>\r\n\t\t\t\t<div class=\"pbmit-service-btn\"> \r\n\t\t\t\t\t<a class=\"btn-arrow\" href=\"https:\/\/bozolaw.al\/en\/sherbimet\/pasurite-e-paluajtshme\/\"><\/a>\r\n\t\t\t\t<\/div>\r\n\t\t\t<\/div>\t\t\r\n\t\t<\/div>\r\n\t<\/div><\/article>\r\n\t\t\t\t\t<\/div> <!-- .swiper-wrapper  -->\r\n\r\n\t\t\t\t<\/div> <!-- .pbmit-element-posts-wrapper -->\r\n\r\n\t\t\t\r\n\t\t\r\n\t\t\r\n\t\t<\/div><!-- .pbmit-element-inner -->   <\/div><!-- .pbminfotech-element -->  \r\n\t    \t\t<\/div>\n\t\t\t\t<\/div>\n\t\t\t\t\t<\/div>\n\t\t<\/div>\n\t\t\t\t\t\t\t<\/div>\n\t\t<\/div>\n\t\t\t\t\t\t\t<\/div>","protected":false},"excerpt":{"rendered":"<p>Ne zgjidhim \u00e7\u00ebshtje komplekse BOZO &amp; Associates \u00ebsht\u00eb studioja ligjore, n\u00eb t\u00eb cil\u00ebn profesionist\u00eb dhe partner\u00eb profesionist\u00eb dhe me nj\u00eb p\u00ebrvoj\u00eb t\u00eb gjat\u00eb n\u00eb \u00e7\u00ebshtje ligjore, ju ndihmojn\u00eb p\u00ebr t\u00eb gjetur zgjidhjen e k\u00ebrkuar. Shiko Sh\u00ebrbimet Koncesionet dhe Prokurimet Publike BOZO &amp; Associates mbulon t\u00eb gjitha procedurat e nd\u00ebrmara nga Autoritetet Kontraktore p\u00ebr p\u00ebrzgjedhjen e [&hellip;]<\/p>","protected":false},"author":1,"featured_media":0,"parent":0,"menu_order":7,"comment_status":"closed","ping_status":"closed","template":"","meta":{"footnotes":""},"acf":[],"_links":{"self":[{"href":"https:\/\/bozolaw.al\/en\/wp-json\/wp\/v2\/pages\/71"}],"collection":[{"href":"https:\/\/bozolaw.al\/en\/wp-json\/wp\/v2\/pages"}],"about":[{"href":"https:\/\/bozolaw.al\/en\/wp-json\/wp\/v2\/types\/page"}],"author":[{"embeddable":true,"href":"https:\/\/bozolaw.al\/en\/wp-json\/wp\/v2\/users\/1"}],"replies":[{"embeddable":true,"href":"https:\/\/bozolaw.al\/en\/wp-json\/wp\/v2\/comments?post=71"}],"version-history":[{"count":67,"href":"https:\/\/bozolaw.al\/en\/wp-json\/wp\/v2\/pages\/71\/revisions"}],"predecessor-version":[{"id":1180,"href":"https:\/\/bozolaw.al\/en\/wp-json\/wp\/v2\/pages\/71\/revisions\/1180"}],"wp:attachment":[{"href":"https:\/\/bozolaw.al\/en\/wp-json\/wp\/v2\/media?parent=71"}],"curies":[{"name":"wp","href":"https:\/\/api.w.org\/{rel}","templated":true}]}}