{"id":74,"date":"2020-06-05T06:07:07","date_gmt":"2020-06-05T06:07:07","guid":{"rendered":"http:\/\/attorly-demo.pbminfotech.com\/attorly-datasite-1\/?page_id=12952"},"modified":"2023-02-22T14:48:27","modified_gmt":"2023-02-22T14:48:27","slug":"blog","status":"publish","type":"page","link":"https:\/\/bozolaw.al\/en\/blog\/","title":{"rendered":"Blog"},"content":{"rendered":"<div data-elementor-type=\"wp-page\" data-elementor-id=\"74\" class=\"elementor elementor-74\">\n\t\t\t\t\t\t\t\t\t<div class=\"elementor-section elementor-top-section elementor-element elementor-element-d937f83 pbmit-col-stretched-none pbmit-cursor-color-blackish-color pbmit-bg-color-over-image elementor-section-boxed elementor-section-height-default elementor-section-height-default\" data-id=\"d937f83\" data-element_type=\"section\">\n\t\t\t\t\t\t<div class=\"elementor-container elementor-column-gap-no\">\n\t\t\t\t\t<div class=\"elementor-column elementor-col-100 elementor-top-column elementor-element elementor-element-e7d17d3 pbmit-bg-color-over-image\" data-id=\"e7d17d3\" data-element_type=\"column\">\n\t\t\t<div class=\"elementor-widget-wrap elementor-element-populated\">\n\t\t\t\t\t\t\t\t<div class=\"elementor-element elementor-element-466ebc9 pbmit-align-center elementor-widget elementor-widget-pbmit_blog_element\" data-id=\"466ebc9\" data-element_type=\"widget\" data-widget_type=\"pbmit_blog_element.default\">\n\t\t\t\t<div class=\"elementor-widget-container\">\n\t\t\t\r\n\t\t<div class=\"pbminfotech-element pbminfotech-element-blog pbmit-element-blog-style-1 pbmit-element-viewtype-row-column pbmit-element-sticky-carousel-false pbminfotech-gap-30px pbmit-infinite-scroll-no pbmit-infinite-scroll-button-no\" data-cpt=\"blog\" data-totalpagination=\"-11\" data-style=\"1\" data-show=\"-1\" data-columns=\"3\" data-loop=\"false\" data-autoplay=\"false\" data-center=\"false\" data-nav=\"false\" data-dots=\"false\" data-reverse=\"false\" data-autoplayspeed=\"1000\" data-margin=\"30px\"><div class=\"pbmit-element-inner\"><div class=\"pbmit-infinite-scroll-data\">{\"cpt\":\"blog\",\"style\":\"1\",\"columns\":\"3\",\"show\":-1,\"order\":\"DESC\",\"orderby\":\"DESC\"}<\/div>\t\t\t\t<div class=\"pbmit-ele-header-area\">\r\n\t\t\t\t\t\t<div class=\"pbmit-heading-subheading center pbmit-reverse-heading-yes animation-style1\"><\/div>\r\n\t\t\t\t\t\t\t\t\t<\/div>\r\n\r\n\t\t\t<div class=\"pbmit-element-posts-wrapper\">\r\n\t\t\t\t<div class=\"swiper-wrapper row multi-columns-row\">\r\n\r\n\t\t\t\t\t<article class=\"pbmit-ele pbmit-ele-blog pbmit-blog-style-1 col-md-4 artikuj pbmit-odd pbmit-col-odd\"><div class=\"post-item\">\r\n\t<div class=\"pbmit-featured-container\">\r\n\t\t\t<\/div>\r\n\t<div class=\"pbminfotech-box-content\">\r\n\t\t<div class=\"pbmit-meta-container\">\r\n\t\t\t<span class=\"pbmit-date-wrapper pbmit-meta-line\">\r\n\t\t\t\t<span class=\"pbmit-post-date\">February . 17 . 2023<\/span>\r\n\t\t\t<\/span>\r\n\t\t\t<span class=\"pbmit-meta-category pbmit-meta-line\"><a href=\"https:\/\/bozolaw.al\/en\/category\/artikuj\/\" rel=\"category tag\">Posts<\/a><\/span>\r\n\t\t<\/div>\r\n\t\t<div class=\"pbmit-box-content-wrapper\">\t\r\n\t\t\t<h3 class=\"pbmit-post-title\"><a href=\"https:\/\/bozolaw.al\/en\/botimi-7-7-korrik-2015-ndryshime-ligjore\/\">ISSUE 7\/7 | JULY | 2015 - LEGAL UPDATES<\/a><\/h3>\r\n\t\t\t<div class=\"pbminfotech-box-desc-text\">\r\n\t\t\t\tLEGJISLACION NE FUSHEN E DOGANAVEVENDIM I K\u00cbSHILLIT T\u00cb MINISTRAVE NR. 366, DAT\u00cb 30.4.2015&hellip;\t\t\t<\/div>\r\n\t\t\t\t\t<\/div>\r\n\t<\/div>\r\n<\/div><\/article><article class=\"pbmit-ele pbmit-ele-blog pbmit-blog-style-1 col-md-4 artikuj pbmit-even pbmit-col-odd\"><div class=\"post-item\">\r\n\t<div class=\"pbmit-featured-container\">\r\n\t\t\t<\/div>\r\n\t<div class=\"pbminfotech-box-content\">\r\n\t\t<div class=\"pbmit-meta-container\">\r\n\t\t\t<span class=\"pbmit-date-wrapper pbmit-meta-line\">\r\n\t\t\t\t<span class=\"pbmit-post-date\">February . 17 . 2023<\/span>\r\n\t\t\t<\/span>\r\n\t\t\t<span class=\"pbmit-meta-category pbmit-meta-line\"><a href=\"https:\/\/bozolaw.al\/en\/category\/artikuj\/\" rel=\"category tag\">Posts<\/a><\/span>\r\n\t\t<\/div>\r\n\t\t<div class=\"pbmit-box-content-wrapper\">\t\r\n\t\t\t<h3 class=\"pbmit-post-title\"><a href=\"https:\/\/bozolaw.al\/en\/botimi-16-9-shtator-2015-ndryshime-ligjore\/\">ISSUE 16\/9 | SEPTEMBER | 2015 - LEGAL UPDATES<\/a><\/h3>\r\n\t\t\t<div class=\"pbminfotech-box-desc-text\">\r\n\t\t\t\tLEGJISLACION NE FUSHEN FISKALEUDH\u00cbZIM NR. 6\/4, DAT\u00cb 4.9.2015 PER DISA NDRYSHIME N\u00cb UDH\u00cbZIMIN&hellip;\t\t\t<\/div>\r\n\t\t\t\t\t<\/div>\r\n\t<\/div>\r\n<\/div><\/article><article class=\"pbmit-ele pbmit-ele-blog pbmit-blog-style-1 col-md-4 artikuj pbmit-odd pbmit-col-odd\"><div class=\"post-item\">\r\n\t<div class=\"pbmit-featured-container\">\r\n\t\t\t<\/div>\r\n\t<div class=\"pbminfotech-box-content\">\r\n\t\t<div class=\"pbmit-meta-container\">\r\n\t\t\t<span class=\"pbmit-date-wrapper pbmit-meta-line\">\r\n\t\t\t\t<span class=\"pbmit-post-date\">February . 17 . 2023<\/span>\r\n\t\t\t<\/span>\r\n\t\t\t<span class=\"pbmit-meta-category pbmit-meta-line\"><a href=\"https:\/\/bozolaw.al\/en\/category\/artikuj\/\" rel=\"category tag\">Posts<\/a><\/span>\r\n\t\t<\/div>\r\n\t\t<div class=\"pbmit-box-content-wrapper\">\t\r\n\t\t\t<h3 class=\"pbmit-post-title\"><a href=\"https:\/\/bozolaw.al\/en\/botimi-16-11-nentor-2015-ndryshime-ligjore\/\">ISSUE 16\/11 | NOVEMBER | 2015 - LEGAL UPDATES<\/a><\/h3>\r\n\t\t\t<div class=\"pbminfotech-box-desc-text\">\r\n\t\t\t\tLEGJISLACION N\u00cb FUSH\u00cbN TATIMORELIGJI NR. 99\/2015 P\u00cbR DISA NDRYSHIME DHE SHTESA N\u00cb LIGJIN&hellip;\t\t\t<\/div>\r\n\t\t\t\t\t<\/div>\r\n\t<\/div>\r\n<\/div><\/article><article class=\"pbmit-ele pbmit-ele-blog pbmit-blog-style-1 col-md-4 artikuj pbmit-even pbmit-col-even\"><div class=\"post-item\">\r\n\t<div class=\"pbmit-featured-container\">\r\n\t\t\t<\/div>\r\n\t<div class=\"pbminfotech-box-content\">\r\n\t\t<div class=\"pbmit-meta-container\">\r\n\t\t\t<span class=\"pbmit-date-wrapper pbmit-meta-line\">\r\n\t\t\t\t<span class=\"pbmit-post-date\">February . 17 . 2023<\/span>\r\n\t\t\t<\/span>\r\n\t\t\t<span class=\"pbmit-meta-category pbmit-meta-line\"><a href=\"https:\/\/bozolaw.al\/en\/category\/artikuj\/\" rel=\"category tag\">Posts<\/a><\/span>\r\n\t\t<\/div>\r\n\t\t<div class=\"pbmit-box-content-wrapper\">\t\r\n\t\t\t<h3 class=\"pbmit-post-title\"><a href=\"https:\/\/bozolaw.al\/en\/botimi-23-12-dhjetor-2015-ndryshime-ligjore-2\/\">ISSUE 23\/12 | DECEMBER | 2015 - LEGAL UPDATES<\/a><\/h3>\r\n\t\t\t<div class=\"pbminfotech-box-desc-text\">\r\n\t\t\t\tLEGJISLACION NE FUSHEN TATIMOREVENDIM I KM NR. 31, DAT\u00cb 27.11.2015 \u201cPER DISA SHTESA&hellip;\t\t\t<\/div>\r\n\t\t\t\t\t<\/div>\r\n\t<\/div>\r\n<\/div><\/article><article class=\"pbmit-ele pbmit-ele-blog pbmit-blog-style-1 col-md-4 artikuj pbmit-odd pbmit-col-even\"><div class=\"post-item\">\r\n\t<div class=\"pbmit-featured-container\">\r\n\t\t<div class=\"pbmit-featured-img-wrapper\"><div class=\"pbmit-featured-wrapper\"><a href=\"https:\/\/bozolaw.al\/en\/botimi-23-12-dhjetor-2015-ndryshime-ligjore\/\"><img loading=\"lazy\" decoding=\"async\" width=\"800\" height=\"700\" src=\"https:\/\/bozolaw.al\/wp-content\/uploads\/2022\/11\/action-box-bg-800x700.jpg\" class=\"attachment-pbmit-img-800x700 size-pbmit-img-800x700 wp-post-image\" alt=\"\" srcset=\"https:\/\/bozolaw.al\/wp-content\/uploads\/2022\/11\/action-box-bg-800x700.jpg 800w, https:\/\/bozolaw.al\/wp-content\/uploads\/2022\/11\/action-box-bg-890x780.jpg 890w\" sizes=\"(max-width: 800px) 100vw, 800px\" \/><\/a><\/div><\/div>\t<\/div>\r\n\t<div class=\"pbminfotech-box-content\">\r\n\t\t<div class=\"pbmit-meta-container\">\r\n\t\t\t<span class=\"pbmit-date-wrapper pbmit-meta-line\">\r\n\t\t\t\t<span class=\"pbmit-post-date\">February . 14 . 2023<\/span>\r\n\t\t\t<\/span>\r\n\t\t\t<span class=\"pbmit-meta-category pbmit-meta-line\"><a href=\"https:\/\/bozolaw.al\/en\/category\/artikuj\/\" rel=\"category tag\">Posts<\/a><\/span>\r\n\t\t<\/div>\r\n\t\t<div class=\"pbmit-box-content-wrapper\">\t\r\n\t\t\t<h3 class=\"pbmit-post-title\"><a href=\"https:\/\/bozolaw.al\/en\/botimi-23-12-dhjetor-2015-ndryshime-ligjore\/\">ISSUE 23\/12 | DECEMBER | 2015 - LEGAL UPDATES<\/a><\/h3>\r\n\t\t\t<div class=\"pbminfotech-box-desc-text\">\r\n\t\t\t\tSHTESA DHE NDRYSHIME N\u00cb KODIN E PUN\u00cbS S\u00cb REPUBLIKES SE SHQIPERIS\u00cb LIGJ NR.&hellip;\t\t\t<\/div>\r\n\t\t\t\t\t<\/div>\r\n\t<\/div>\r\n<\/div><\/article><article class=\"pbmit-ele pbmit-ele-blog pbmit-blog-style-1 col-md-4 artikuj pbmit-even pbmit-col-even\"><div class=\"post-item\">\r\n\t<div class=\"pbmit-featured-container\">\r\n\t\t<div class=\"pbmit-featured-img-wrapper\"><div class=\"pbmit-featured-wrapper\"><a href=\"https:\/\/bozolaw.al\/en\/ndryshime-ligjore-2015\/\"><img loading=\"lazy\" decoding=\"async\" width=\"800\" height=\"700\" src=\"https:\/\/bozolaw.al\/wp-content\/uploads\/2022\/05\/legal-law-2022-11-17-06-07-23-utc-800x700.jpg\" class=\"attachment-pbmit-img-800x700 size-pbmit-img-800x700 wp-post-image\" alt=\"\" srcset=\"https:\/\/bozolaw.al\/wp-content\/uploads\/2022\/05\/legal-law-2022-11-17-06-07-23-utc-800x700.jpg 800w, https:\/\/bozolaw.al\/wp-content\/uploads\/2022\/05\/legal-law-2022-11-17-06-07-23-utc-890x780.jpg 890w\" sizes=\"(max-width: 800px) 100vw, 800px\" \/><\/a><\/div><\/div>\t<\/div>\r\n\t<div class=\"pbminfotech-box-content\">\r\n\t\t<div class=\"pbmit-meta-container\">\r\n\t\t\t<span class=\"pbmit-date-wrapper pbmit-meta-line\">\r\n\t\t\t\t<span class=\"pbmit-post-date\">May . 17 . 2022<\/span>\r\n\t\t\t<\/span>\r\n\t\t\t<span class=\"pbmit-meta-category pbmit-meta-line\"><a href=\"https:\/\/bozolaw.al\/en\/category\/artikuj\/\" rel=\"category tag\">Posts<\/a><\/span>\r\n\t\t<\/div>\r\n\t\t<div class=\"pbmit-box-content-wrapper\">\t\r\n\t\t\t<h3 class=\"pbmit-post-title\"><a href=\"https:\/\/bozolaw.al\/en\/ndryshime-ligjore-2015\/\">ISSUE 30\/12 | DECEMBER | 2015 - LEGAL UPDATES<\/a><\/h3>\r\n\t\t\t<div class=\"pbminfotech-box-desc-text\">\r\n\t\t\t\tLEGJISLACION NE FUSHEN DOGANORE\t\t\t<\/div>\r\n\t\t\t\t\t<\/div>\r\n\t<\/div>\r\n<\/div><\/article><article class=\"pbmit-ele pbmit-ele-blog pbmit-blog-style-1 col-md-4 artikuj pbmit-odd pbmit-col-odd\"><div class=\"post-item\">\r\n\t<div class=\"pbmit-featured-container\">\r\n\t\t<div class=\"pbmit-featured-img-wrapper\"><div class=\"pbmit-featured-wrapper\"><a href=\"https:\/\/bozolaw.al\/en\/bozo-associates-i-bashkohet-rrjetit-global-te-keshillimit-ligjor-dhe-te-biznesit\/\"><img loading=\"lazy\" decoding=\"async\" width=\"600\" height=\"400\" src=\"https:\/\/bozolaw.al\/wp-content\/uploads\/2022\/04\/Cathay-600x400-1.jpg\" class=\"attachment-pbmit-img-800x700 size-pbmit-img-800x700 wp-post-image\" alt=\"\" srcset=\"https:\/\/bozolaw.al\/wp-content\/uploads\/2022\/04\/Cathay-600x400-1.jpg 600w, https:\/\/bozolaw.al\/wp-content\/uploads\/2022\/04\/Cathay-600x400-1-300x200.jpg 300w, https:\/\/bozolaw.al\/wp-content\/uploads\/2022\/04\/Cathay-600x400-1-18x12.jpg 18w\" sizes=\"(max-width: 600px) 100vw, 600px\" \/><\/a><\/div><\/div>\t<\/div>\r\n\t<div class=\"pbminfotech-box-content\">\r\n\t\t<div class=\"pbmit-meta-container\">\r\n\t\t\t<span class=\"pbmit-date-wrapper pbmit-meta-line\">\r\n\t\t\t\t<span class=\"pbmit-post-date\">April . 25 . 2022<\/span>\r\n\t\t\t<\/span>\r\n\t\t\t<span class=\"pbmit-meta-category pbmit-meta-line\"><a href=\"https:\/\/bozolaw.al\/en\/category\/artikuj\/\" rel=\"category tag\">Posts<\/a><\/span>\r\n\t\t<\/div>\r\n\t\t<div class=\"pbmit-box-content-wrapper\">\t\r\n\t\t\t<h3 class=\"pbmit-post-title\"><a href=\"https:\/\/bozolaw.al\/en\/bozo-associates-i-bashkohet-rrjetit-global-te-keshillimit-ligjor-dhe-te-biznesit\/\">BOZO &amp; ASSOCIATES JOINS GLOBAL BUSINESS AND LEGAL ADVISORY NETWORK<\/a><\/h3>\r\n\t\t\t<div class=\"pbminfotech-box-desc-text\">\r\n\t\t\t\tCathay Associates\u00a0 \u00ebsht\u00eb nj\u00eb rrjet global q\u00eb mbledh studio ligjore t\u00eb ndryshme, sh\u00ebrbimet&hellip;\t\t\t<\/div>\r\n\t\t\t\t\t<\/div>\r\n\t<\/div>\r\n<\/div><\/article><article class=\"pbmit-ele pbmit-ele-blog pbmit-blog-style-1 col-md-4 artikuj pbmit-even pbmit-col-odd\"><div class=\"post-item\">\r\n\t<div class=\"pbmit-featured-container\">\r\n\t\t\t<\/div>\r\n\t<div class=\"pbminfotech-box-content\">\r\n\t\t<div class=\"pbmit-meta-container\">\r\n\t\t\t<span class=\"pbmit-date-wrapper pbmit-meta-line\">\r\n\t\t\t\t<span class=\"pbmit-post-date\">December . 14 . 2014<\/span>\r\n\t\t\t<\/span>\r\n\t\t\t<span class=\"pbmit-meta-category pbmit-meta-line\"><a href=\"https:\/\/bozolaw.al\/en\/category\/artikuj\/\" rel=\"category tag\">Posts<\/a><\/span>\r\n\t\t<\/div>\r\n\t\t<div class=\"pbmit-box-content-wrapper\">\t\r\n\t\t\t<h3 class=\"pbmit-post-title\"><a href=\"https:\/\/bozolaw.al\/en\/botimi-12-14-dhjetor-2014-paketa-fiskale-2015\/\">ISSUE 12\/14 | DECEMBER | 2014 - FISCAL PACKAGE 2015<\/a><\/h3>\r\n\t\t\t<div class=\"pbminfotech-box-desc-text\">\r\n\t\t\t\tKjo newsletter \u00ebsht\u00eb p\u00ebrgatitur me q\u00ebllim q\u00eb t\u2019Ju informoj\u00eb mbi ndryshimet m\u00eb t\u00eb&hellip;\t\t\t<\/div>\r\n\t\t\t\t\t<\/div>\r\n\t<\/div>\r\n<\/div><\/article><article class=\"pbmit-ele pbmit-ele-blog pbmit-blog-style-1 col-md-4 artikuj pbmit-odd pbmit-col-odd\"><div class=\"post-item\">\r\n\t<div class=\"pbmit-featured-container\">\r\n\t\t<div class=\"pbmit-featured-img-wrapper\"><div class=\"pbmit-featured-wrapper\"><a href=\"https:\/\/bozolaw.al\/en\/flexibility-of-marriage-in-us\/\"><img loading=\"lazy\" decoding=\"async\" width=\"518\" height=\"359\" src=\"https:\/\/bozolaw.al\/wp-content\/uploads\/2022\/04\/5189.jpg\" class=\"attachment-pbmit-img-800x700 size-pbmit-img-800x700 wp-post-image\" alt=\"\" srcset=\"https:\/\/bozolaw.al\/wp-content\/uploads\/2022\/04\/5189.jpg 518w, https:\/\/bozolaw.al\/wp-content\/uploads\/2022\/04\/5189-300x208.jpg 300w, https:\/\/bozolaw.al\/wp-content\/uploads\/2022\/04\/5189-18x12.jpg 18w\" sizes=\"(max-width: 518px) 100vw, 518px\" \/><\/a><\/div><\/div>\t<\/div>\r\n\t<div class=\"pbminfotech-box-content\">\r\n\t\t<div class=\"pbmit-meta-container\">\r\n\t\t\t<span class=\"pbmit-date-wrapper pbmit-meta-line\">\r\n\t\t\t\t<span class=\"pbmit-post-date\">April . 04 . 2014<\/span>\r\n\t\t\t<\/span>\r\n\t\t\t<span class=\"pbmit-meta-category pbmit-meta-line\"><a href=\"https:\/\/bozolaw.al\/en\/category\/artikuj\/\" rel=\"category tag\">Posts<\/a><\/span>\r\n\t\t<\/div>\r\n\t\t<div class=\"pbmit-box-content-wrapper\">\t\r\n\t\t\t<h3 class=\"pbmit-post-title\"><a href=\"https:\/\/bozolaw.al\/en\/flexibility-of-marriage-in-us\/\">ISSUE 04\/14 | APRIL | 2014 - TAX LEGISLATION<\/a><\/h3>\r\n\t\t\t<div class=\"pbminfotech-box-desc-text\">\r\n\t\t\t\tDeklarata Individuale vjetore e te Ardhurave Me ndryshimet e ligjit per Tatimin mbi&hellip;\t\t\t<\/div>\r\n\t\t\t\t\t<\/div>\r\n\t<\/div>\r\n<\/div><\/article><article class=\"pbmit-ele pbmit-ele-blog pbmit-blog-style-1 col-md-4 artikuj pbmit-even pbmit-col-even\"><div class=\"post-item\">\r\n\t<div class=\"pbmit-featured-container\">\r\n\t\t\t<\/div>\r\n\t<div class=\"pbminfotech-box-content\">\r\n\t\t<div class=\"pbmit-meta-container\">\r\n\t\t\t<span class=\"pbmit-date-wrapper pbmit-meta-line\">\r\n\t\t\t\t<span class=\"pbmit-post-date\">February . 14 . 2014<\/span>\r\n\t\t\t<\/span>\r\n\t\t\t<span class=\"pbmit-meta-category pbmit-meta-line\"><a href=\"https:\/\/bozolaw.al\/en\/category\/artikuj\/\" rel=\"category tag\">Posts<\/a><\/span>\r\n\t\t<\/div>\r\n\t\t<div class=\"pbmit-box-content-wrapper\">\t\r\n\t\t\t<h3 class=\"pbmit-post-title\"><a href=\"https:\/\/bozolaw.al\/en\/botimi-02-14-shkurt-2014-legjislacion-ne-fushen-e-taksave\/\">ISSUE 02\/14 | FEBRUARY | 2014 - TAX LEGISLATION<\/a><\/h3>\r\n\t\t\t<div class=\"pbminfotech-box-desc-text\">\r\n\t\t\t\tUdh\u00ebzim Nr.2, dat\u00eb 17.1.2014 P\u00ebr disa shtesa dhe ndryshime n\u00eb udh\u00ebzimin nr.26, dat\u00eb&hellip;\t\t\t<\/div>\r\n\t\t\t\t\t<\/div>\r\n\t<\/div>\r\n<\/div><\/article><article class=\"pbmit-ele pbmit-ele-blog pbmit-blog-style-1 col-md-4 artikuj pbmit-odd pbmit-col-even\"><div class=\"post-item\">\r\n\t<div class=\"pbmit-featured-container\">\r\n\t\t\t<\/div>\r\n\t<div class=\"pbminfotech-box-content\">\r\n\t\t<div class=\"pbmit-meta-container\">\r\n\t\t\t<span class=\"pbmit-date-wrapper pbmit-meta-line\">\r\n\t\t\t\t<span class=\"pbmit-post-date\">January . 14 . 2014<\/span>\r\n\t\t\t<\/span>\r\n\t\t\t<span class=\"pbmit-meta-category pbmit-meta-line\"><a href=\"https:\/\/bozolaw.al\/en\/category\/artikuj\/\" rel=\"category tag\">Posts<\/a><\/span>\r\n\t\t<\/div>\r\n\t\t<div class=\"pbmit-box-content-wrapper\">\t\r\n\t\t\t<h3 class=\"pbmit-post-title\"><a href=\"https:\/\/bozolaw.al\/en\/botimi-01-14-janar-2014-paketa-fiskale\/\">ISSUE 01\/14 | JANUARY | 2014 - FISCAL PACKAGE<\/a><\/h3>\r\n\t\t\t<div class=\"pbminfotech-box-desc-text\">\r\n\t\t\t\tLigjet e paketes se re fiskale miratuar nga Parlamenti i Republikes se Shqiperse&hellip;\t\t\t<\/div>\r\n\t\t\t\t\t<\/div>\r\n\t<\/div>\r\n<\/div><\/article>\r\n\t\t\t\t<\/div> <!-- .swiper-wrapper -->\r\n\t\t\t<\/div> <!-- .pbmit-element-posts-wrapper -->\r\n\r\n\t\t\t\r\n\t\t\r\n\t\t\r\n\t\t<\/div><!-- .pbmit-element-inner -->   <\/div><!-- .pbminfotech-element -->  \r\n\t    \t\t<\/div>\n\t\t\t\t<\/div>\n\t\t\t\t\t<\/div>\n\t\t<\/div>\n\t\t\t\t\t\t\t<\/div>\n\t\t<\/div>\n\t\t\t\t\t\t\t<\/div>","protected":false},"excerpt":{"rendered":"<p>{&#8220;cpt&#8221;:&#8221;blog&#8221;,&#8221;style&#8221;:&#8221;1&#8243;,&#8221;columns&#8221;:&#8221;3&#8243;,&#8221;show&#8221;:-1,&#8221;order&#8221;:&#8221;DESC&#8221;,&#8221;orderby&#8221;:&#8221;DESC&#8221;} Shkurt . 17 . 2023 Artikuj BOTIMI 7\/7 | KORRIK | 2015 &#8211; NDRYSHIME LIGJORE LEGJISLACION NE FUSHEN E DOGANAVEVENDIM I K\u00cbSHILLIT T\u00cb MINISTRAVE NR. 366, DAT\u00cb 30.4.2015&hellip; Shkurt . 17 . 2023 Artikuj BOTIMI 16\/9 | SHTATOR | 2015 &#8211; NDRYSHIME LIGJORE LEGJISLACION NE FUSHEN FISKALEUDH\u00cbZIM NR. 6\/4, DAT\u00cb 4.9.2015 PER DISA NDRYSHIME [&hellip;]<\/p>","protected":false},"author":1,"featured_media":0,"parent":0,"menu_order":15,"comment_status":"closed","ping_status":"closed","template":"","meta":{"footnotes":""},"acf":[],"_links":{"self":[{"href":"https:\/\/bozolaw.al\/en\/wp-json\/wp\/v2\/pages\/74"}],"collection":[{"href":"https:\/\/bozolaw.al\/en\/wp-json\/wp\/v2\/pages"}],"about":[{"href":"https:\/\/bozolaw.al\/en\/wp-json\/wp\/v2\/types\/page"}],"author":[{"embeddable":true,"href":"https:\/\/bozolaw.al\/en\/wp-json\/wp\/v2\/users\/1"}],"replies":[{"embeddable":true,"href":"https:\/\/bozolaw.al\/en\/wp-json\/wp\/v2\/comments?post=74"}],"version-history":[{"count":11,"href":"https:\/\/bozolaw.al\/en\/wp-json\/wp\/v2\/pages\/74\/revisions"}],"predecessor-version":[{"id":1030,"href":"https:\/\/bozolaw.al\/en\/wp-json\/wp\/v2\/pages\/74\/revisions\/1030"}],"wp:attachment":[{"href":"https:\/\/bozolaw.al\/en\/wp-json\/wp\/v2\/media?parent=74"}],"curies":[{"name":"wp","href":"https:\/\/api.w.org\/{rel}","templated":true}]}}